{"id":70752,"date":"2025-11-18T22:28:00","date_gmt":"2025-11-19T05:28:00","guid":{"rendered":"https:\/\/grandvalleymtb.org\/donar\/"},"modified":"2026-02-20T09:46:26","modified_gmt":"2026-02-20T16:46:26","slug":"donar","status":"publish","type":"page","link":"https:\/\/grandvalleymtb.org\/es\/donar\/","title":{"rendered":"Donar"},"content":{"rendered":"\n<p>Grand Valley Youth Cycling (GVYC) es una organizaci\u00f3n sin \u00e1nimo de lucro que ofrece programas de ciclismo de monta\u00f1a de alta calidad, tanto extraescolares como durante todo el a\u00f1o, para estudiantes de 6.\u00ba a 12.\u00ba grado de la comunidad.<\/p>\n\n<p>Fundada inicialmente en 2011 para cubrir las necesidades de los equipos de competici\u00f3n de secundaria en la Colorado High School Cycling League, desde entonces nos hemos expandido para servir mejor a los j\u00f3venes de Grand Valley mediante la incorporaci\u00f3n de programas para secundaria y otros basados en habilidades, con el fin de satisfacer una mayor variedad de capacidades e intereses. Los programas de ciclismo de monta\u00f1a de GVYC combinan los beneficios para la salud f\u00edsica y mental del ciclismo de monta\u00f1a con el acceso a la actividad f\u00edsica al aire libre, la concienciaci\u00f3n sobre nuestras tierras p\u00fablicas, el cuidado de los senderos y un estilo de vida saludable.<\/p>\n\n<hr class=\"wp-block-separator has-alpha-channel-opacity\"\/>\n\n<h2 class=\"wp-block-heading\">Campa\u00f1as actuales<\/h2>\n<div data-givewp-campaign-grid data-attributes='{\"perPage\":3,\"layout\":\"full\",\"showImage\":true,\"showDescription\":true,\"showGoal\":true,\"sortBy\":\"date\",\"orderBy\":\"desc\",\"filterBy\":[],\"showPagination\":true}'><\/div>\n\n<hr class=\"wp-block-separator has-alpha-channel-opacity\"\/>\n\n<h3 class=\"wp-block-heading\">\u00a1MANT\u00c9N LA SOSTENIBILIDAD DE GRAND VALLEY YOUTH CYCLING!<\/h3>\n\n<p>Tu apoyo a Grand Valley Youth Cycling, sin importar si es grande o peque\u00f1o, tendr\u00e1 un impacto positivo en los j\u00f3venes de nuestros programas. Tus esfuerzos nos ayudan a mantener bajas las cuotas de inscripci\u00f3n y a financiar becas para reducir las barreras de participaci\u00f3n.<\/p>\n\n<h3 class=\"wp-block-heading\">\u00a1AGRADECEMOS TU APOYO!<\/h3>\n\n<p>Puedes tener la confianza de que tu apoyo se destinar\u00e1 directamente a nuestra misi\u00f3n de desarrollar una comunidad ciclista inclusiva y activa para j\u00f3venes ciclistas de todos los niveles en el Grand Valley del oeste de Colorado.<\/p>\n\n<h3 class=\"wp-block-heading\">EQUIPAMIENTO USADO<\/h3>\n\n<p><a><\/a>\u00bfTienes bicicletas, accesorios, ropa u otro equipo de exterior que ya no utilizas? Si es as\u00ed, considera usarlo para apoyar a GVYC. Aunque no podemos aceptar donaciones de equipo directamente, puedes entregarlo a nuestros fant\u00e1sticos socios de <a href=\"https:\/\/www.thegearjunction.com\/\">The Gear Junction<\/a>. Hazles saber que quieres que la venta de tu equipo usado beneficie a GVYC y recibiremos el 100% del importe de la venta.<\/p>\n\n<h3 class=\"wp-block-heading\">Apoyo deducible de impuestos<\/h3>\n\n<p><a><\/a>GVYC es una organizaci\u00f3n sin \u00e1nimo de lucro 501(c)3 y todas las donaciones ben\u00e9ficas son deducibles de impuestos. Dona cualquier cantidad para apoyar a GVYC o dirige tu donaci\u00f3n al Fondo de Becas de GVYC para ayudar a que los ciclistas de nuestra comunidad participen en nuestros programas.<\/p>\n\n<div class=\"wp-block-buttons is-layout-flex wp-block-buttons-is-layout-flex\">\n<div class=\"wp-block-button\"><a class=\"wp-block-button__link wp-element-button\" href=\"https:\/\/www.coloradogives.org\/donate\/Grand-Valley-Youth-Cycling?embed_short_token=i4eafg\">Donar<\/a><\/div>\n<\/div>\n\n<p><\/p>\n","protected":false},"excerpt":{"rendered":"<p>Grand Valley Youth Cycling (GVYC) es una organizaci\u00f3n sin \u00e1nimo de lucro que ofrece programas de ciclismo de monta\u00f1a de alta calidad, tanto extraescolares como&hellip;<\/p>\n","protected":false},"author":1,"featured_media":0,"parent":0,"menu_order":0,"comment_status":"closed","ping_status":"closed","template":"","meta":{"give_campaign_id":0,"footnotes":""},"class_list":["post-70752","page","type-page","status-publish","hentry"],"campaignId":"","_links":{"self":[{"href":"https:\/\/grandvalleymtb.org\/es\/wp-json\/wp\/v2\/pages\/70752","targetHints":{"allow":["GET"]}}],"collection":[{"href":"https:\/\/grandvalleymtb.org\/es\/wp-json\/wp\/v2\/pages"}],"about":[{"href":"https:\/\/grandvalleymtb.org\/es\/wp-json\/wp\/v2\/types\/page"}],"author":[{"embeddable":true,"href":"https:\/\/grandvalleymtb.org\/es\/wp-json\/wp\/v2\/users\/1"}],"replies":[{"embeddable":true,"href":"https:\/\/grandvalleymtb.org\/es\/wp-json\/wp\/v2\/comments?post=70752"}],"version-history":[{"count":0,"href":"https:\/\/grandvalleymtb.org\/es\/wp-json\/wp\/v2\/pages\/70752\/revisions"}],"wp:attachment":[{"href":"https:\/\/grandvalleymtb.org\/es\/wp-json\/wp\/v2\/media?parent=70752"}],"curies":[{"name":"wp","href":"https:\/\/api.w.org\/{rel}","templated":true}]}}