{"id":70762,"date":"2025-11-18T22:28:00","date_gmt":"2025-11-19T05:28:00","guid":{"rendered":"https:\/\/grandvalleymtb.org\/entrena-con-gvyc\/"},"modified":"2026-02-20T09:50:56","modified_gmt":"2026-02-20T16:50:56","slug":"entrena-con-gvyc","status":"publish","type":"page","link":"https:\/\/grandvalleymtb.org\/es\/entrena-con-gvyc\/","title":{"rendered":"Entrena con GVYC"},"content":{"rendered":"\n<figure class=\"wp-block-image size-large\"><img decoding=\"async\" width=\"1024\" height=\"683\" data-src=\"https:\/\/grandvalleymtb.org\/wp-content\/uploads\/2025\/12\/CI_01897-1024x683.jpg\" alt=\"\" class=\"wp-image-40685 lazyload\" data-srcset=\"https:\/\/grandvalleymtb.org\/wp-content\/uploads\/2025\/12\/CI_01897-1024x683.jpg 1024w, https:\/\/grandvalleymtb.org\/wp-content\/uploads\/2025\/12\/CI_01897-900x600.jpg 900w, https:\/\/grandvalleymtb.org\/wp-content\/uploads\/2025\/12\/CI_01897-300x200.jpg 300w, https:\/\/grandvalleymtb.org\/wp-content\/uploads\/2025\/12\/CI_01897-768x512.jpg 768w, https:\/\/grandvalleymtb.org\/wp-content\/uploads\/2025\/12\/CI_01897-1536x1025.jpg 1536w, https:\/\/grandvalleymtb.org\/wp-content\/uploads\/2025\/12\/CI_01897-2048x1366.jpg 2048w\" data-sizes=\"auto\" src=\"data:image\/svg+xml;base64,PHN2ZyB3aWR0aD0iMSIgaGVpZ2h0PSIxIiB4bWxucz0iaHR0cDovL3d3dy53My5vcmcvMjAwMC9zdmciPjwvc3ZnPg==\" style=\"--smush-placeholder-width: 1024px; --smush-placeholder-aspect-ratio: 1024\/683;\" data-original-sizes=\"(max-width: 1024px) 100vw, 1024px\" \/><\/figure>\n\n<h2 class=\"wp-block-heading\">Marca la diferencia<\/h2>\n\n<p>Entrenar a ni\u00f1os puede ser una de las experiencias m\u00e1s gratificantes de tu vida. Animar a los j\u00f3venes atletas a que pueden hacer cosas dif\u00edciles y lograr sus metas construye autoestima, respeto por s\u00ed mismos y autoconfianza.  <\/p>\n\n<p>\u00a1Puedes ayudar a que esto suceda!<\/p>\n\n<p>Obtendr\u00e1s:<br\/>&#8211; Salario competitivo para puestos remunerados<br\/>&#8211; Beneficios y descuentos del sector<br\/>&#8211; Formaci\u00f3n pagada o reembolsada<br\/>&#8211; La satisfacci\u00f3n de entusiasmar a los j\u00f3venes de nuestra comunidad con el ciclismo<\/p>\n\n<p>Tenemos puestos de entrenador disponibles en todos los programas de GVYC. Puedes ofrecer tu tiempo como voluntario, cobrar por entrenar o que tu tiempo se acredite para nuestro programa de becas. Rellena el formulario de inter\u00e9s a continuaci\u00f3n si quieres ayudar.  <\/p>\n\n<p>Si a\u00fan no lo has hecho, revisa los requisitos de certificaci\u00f3n de entrenadores de GVYC y el manual del empleado aqu\u00ed:<\/p>\n\n<div data-wp-interactive=\"core\/file\" class=\"wp-block-file\"><object data-wp-bind--hidden=\"!state.hasPdfPreview\" hidden class=\"wp-block-file__embed\" data=\"https:\/\/grandvalleymtb.org\/wp-content\/uploads\/2026\/02\/GVYC-Employee-Handbook-2.1.2026.pdf\" type=\"application\/pdf\" style=\"width:100%;height:200px\" aria-label=\"Incrustado de GVYC Employee Handbook-2.1.2026.\"><\/object><a id=\"wp-block-file--media-840a0bbd-c69e-460f-b715-bb5062f46354\" href=\"https:\/\/grandvalleymtb.org\/wp-content\/uploads\/2026\/02\/GVYC-Employee-Handbook-2.1.2026.pdf\">Manual del empleado de GVYC-2.1.2026<\/a><a href=\"https:\/\/grandvalleymtb.org\/wp-content\/uploads\/2026\/02\/GVYC-Employee-Handbook-2.1.2026.pdf\" class=\"wp-block-file__button wp-element-button\" download=\"\" aria-describedby=\"wp-block-file--media-840a0bbd-c69e-460f-b715-bb5062f46354\">Descargar<\/a><\/div>\n\n<hr class=\"wp-block-separator has-alpha-channel-opacity\"\/>\n\n<div class=\"wp-block-buttons is-layout-flex wp-block-buttons-is-layout-flex\">\n<div class=\"wp-block-button\"><a class=\"wp-block-button__link wp-element-button\" href=\"https:\/\/forms.gle\/7Fiuei1bTLa9xVtq9\" target=\"_blank\" rel=\"noreferrer noopener nofollow\">Formulario de inter\u00e9s para entrenadores<\/a><\/div>\n<\/div>\n\n<p><\/p>\n","protected":false},"excerpt":{"rendered":"<p>Marca la diferencia Entrenar a ni\u00f1os puede ser una de las experiencias m\u00e1s gratificantes de tu vida. Animar a los j\u00f3venes atletas a que pueden&hellip;<\/p>\n","protected":false},"author":1,"featured_media":0,"parent":0,"menu_order":0,"comment_status":"closed","ping_status":"closed","template":"","meta":{"give_campaign_id":0,"footnotes":""},"class_list":["post-70762","page","type-page","status-publish","hentry"],"campaignId":"","_links":{"self":[{"href":"https:\/\/grandvalleymtb.org\/es\/wp-json\/wp\/v2\/pages\/70762","targetHints":{"allow":["GET"]}}],"collection":[{"href":"https:\/\/grandvalleymtb.org\/es\/wp-json\/wp\/v2\/pages"}],"about":[{"href":"https:\/\/grandvalleymtb.org\/es\/wp-json\/wp\/v2\/types\/page"}],"author":[{"embeddable":true,"href":"https:\/\/grandvalleymtb.org\/es\/wp-json\/wp\/v2\/users\/1"}],"replies":[{"embeddable":true,"href":"https:\/\/grandvalleymtb.org\/es\/wp-json\/wp\/v2\/comments?post=70762"}],"version-history":[{"count":0,"href":"https:\/\/grandvalleymtb.org\/es\/wp-json\/wp\/v2\/pages\/70762\/revisions"}],"wp:attachment":[{"href":"https:\/\/grandvalleymtb.org\/es\/wp-json\/wp\/v2\/media?parent=70762"}],"curies":[{"name":"wp","href":"https:\/\/api.w.org\/{rel}","templated":true}]}}