{"id":70774,"date":"2025-11-11T17:56:54","date_gmt":"2025-11-12T00:56:54","guid":{"rendered":"https:\/\/grandvalleymtb.org\/apoyo\/"},"modified":"2026-02-20T09:51:24","modified_gmt":"2026-02-20T16:51:24","slug":"apoyo","status":"publish","type":"page","link":"https:\/\/grandvalleymtb.org\/es\/apoyo\/","title":{"rendered":"Apoyo"},"content":{"rendered":"\n<h2 class=\"wp-block-heading\">Empodera a nuestra juventud a trav\u00e9s del ciclismo<\/h2>\n\n<p>\u00danete a nosotros para crear experiencias de ciclismo inolvidables.<\/p>\n\n<h2 class=\"wp-block-heading\">Formas de apoyar nuestra misi\u00f3n<\/h2>\n\n<p>\u00a1Tu apoyo puede marcar la diferencia! Puedes ayudarnos donando, siendo voluntario o convirti\u00e9ndote en patrocinador. Cada opci\u00f3n te permite contribuir de manera significativa a nuestros programas de ciclismo y ayudar a fomentar el amor por este deporte en nuestra comunidad.  <\/p>\n\n<h4 class=\"wp-block-heading\">Haz una donaci\u00f3n<\/h4>\n\n<p>Tus generosas donaciones apoyan nuestros programas y proporcionan equipamiento y entrenamiento para j\u00f3venes ciclistas. Cada euro cuenta para ayudarnos a alcanzar nuestras metas. <\/p>\n\n<div class=\"wp-block-buttons is-layout-flex wp-block-buttons-is-layout-flex\">\n<div class=\"wp-block-button\"><a class=\"wp-block-button__link wp-element-button\" href=\"https:\/\/grandvalleymtb.org\/es\/donar\/\">Dona hoy<\/a><\/div>\n<\/div>\n\n<h4 class=\"wp-block-heading\">S\u00e9 voluntario con nosotros<\/h4>\n\n<p>\u00danete a nuestro equipo de voluntarios para ayudar a inspirar a la pr\u00f3xima generaci\u00f3n. Ya sea entrenando o apoyando en eventos, tu tiempo y tus habilidades son inestimables. <\/p>\n\n<div class=\"wp-block-buttons is-layout-flex wp-block-buttons-is-layout-flex\">\n<div class=\"wp-block-button\"><a class=\"wp-block-button__link wp-element-button\" href=\"https:\/\/grandvalleymtb.org\/volunteer\/\">Hazte voluntario<\/a><\/div>\n<\/div>\n\n<h4 class=\"wp-block-heading\">Convi\u00e9rtete en patrocinador<\/h4>\n\n<p>Colabora con nosotros como patrocinador y muestra tu compromiso con el desarrollo juvenil y el bienestar de la comunidad. Juntos podemos crear un impacto duradero. <\/p>\n\n<div class=\"wp-block-buttons is-layout-flex wp-block-buttons-is-layout-flex\">\n<div class=\"wp-block-button\"><a class=\"wp-block-button__link wp-element-button\" href=\"https:\/\/grandvalleymtb.org\/es\/apoyo\/patrocina\/\">Patrocina a GVYC<\/a><\/div>\n<\/div>\n\n<h4 class=\"wp-block-heading\">Corre la voz<\/h4>\n\n<p>Ay\u00fadanos a hacer crecer nuestra comunidad compartiendo nuestros programas con tus contactos. Tu voz puede atraer a m\u00e1s participantes y colaboradores a nuestra causa. <\/p>\n\n<hr class=\"wp-block-separator has-alpha-channel-opacity\"\/>\n\n<h1 class=\"wp-block-heading\">Ponte en contacto<\/h1>\n\n<p>\u00a1Estamos aqu\u00ed para ayudarte! No dudes en <a href=\"https:\/\/grandvalleymtb.org\/contact\/\" data-type=\"page\" data-id=\"40588\">contactar con nosotros<\/a> si tienes preguntas. <\/p>\n\n<h2 class=\"wp-block-heading\">Preguntas frecuentes (FAQ)<\/h2>\n\n<h5 class=\"wp-block-heading\">\u00bfTienes preguntas? Tenemos respuestas sobre c\u00f3mo apoyar nuestra misi\u00f3n. <\/h5>\n\n<div data-wp-context=\"{ &quot;autoclose&quot;: false, &quot;accordionItems&quot;: [] }\" data-wp-interactive=\"core\/accordion\" role=\"group\" class=\"wp-block-accordion is-layout-flow wp-block-accordion-is-layout-flow\">\n<div data-wp-class--is-open=\"state.isOpen\" data-wp-context=\"{ &quot;id&quot;: &quot;accordion-item-1&quot;, &quot;openByDefault&quot;: false }\" data-wp-init=\"callbacks.initAccordionItems\" data-wp-on-window--hashchange=\"callbacks.hashChange\" class=\"wp-block-accordion-item is-layout-flow wp-block-accordion-item-is-layout-flow\">\n<h3 class=\"wp-block-accordion-heading\"><button aria-expanded=\"false\" aria-controls=\"accordion-item-1-panel\" data-wp-bind--aria-expanded=\"state.isOpen\" data-wp-on--click=\"actions.toggle\" data-wp-on--keydown=\"actions.handleKeyDown\" id=\"accordion-item-1\" class=\"wp-block-accordion-heading__toggle\"><span class=\"wp-block-accordion-heading__toggle-title\">\u00bfC\u00f3mo puedo donar a GVYC?<\/span><span class=\"wp-block-accordion-heading__toggle-icon\" aria-hidden=\"true\">+<\/span><\/button><\/h3>\n\n\n\n<div inert aria-labelledby=\"accordion-item-1\" data-wp-bind--inert=\"!state.isOpen\" id=\"accordion-item-1-panel\" role=\"region\" class=\"wp-block-accordion-panel is-layout-flow wp-block-accordion-panel-is-layout-flow\">\n<p>\u00a1Donar es f\u00e1cil! Visita nuestra p\u00e1gina de donaciones para elegir la cantidad y el m\u00e9todo que prefieras. Cada c\u00e9ntimo nos ayuda a ofrecer mejores programas y apoyo a nuestros j\u00f3venes ciclistas.  <\/p>\n<\/div>\n<\/div>\n\n\n\n<div data-wp-class--is-open=\"state.isOpen\" data-wp-context=\"{ &quot;id&quot;: &quot;accordion-item-2&quot;, &quot;openByDefault&quot;: false }\" data-wp-init=\"callbacks.initAccordionItems\" data-wp-on-window--hashchange=\"callbacks.hashChange\" class=\"wp-block-accordion-item is-layout-flow wp-block-accordion-item-is-layout-flow\">\n<h3 class=\"wp-block-accordion-heading\"><button aria-expanded=\"false\" aria-controls=\"accordion-item-2-panel\" data-wp-bind--aria-expanded=\"state.isOpen\" data-wp-on--click=\"actions.toggle\" data-wp-on--keydown=\"actions.handleKeyDown\" id=\"accordion-item-2\" class=\"wp-block-accordion-heading__toggle\"><span class=\"wp-block-accordion-heading__toggle-title\">\u00bfLas donaciones son deducibles de impuestos?<\/span><span class=\"wp-block-accordion-heading__toggle-icon\" aria-hidden=\"true\">+<\/span><\/button><\/h3>\n\n\n\n<div inert aria-labelledby=\"accordion-item-2\" data-wp-bind--inert=\"!state.isOpen\" id=\"accordion-item-2-panel\" role=\"region\" class=\"wp-block-accordion-panel is-layout-flow wp-block-accordion-panel-is-layout-flow\">\n<p>S\u00ed, todas las donaciones realizadas a nuestra organizaci\u00f3n son deducibles de impuestos, ya que somos una entidad sin \u00e1nimo de lucro registrada. \u00a1Aseg\u00farate de guardar tu recibo! <\/p>\n<\/div>\n<\/div>\n<\/div>\n\n<div data-wp-context=\"{ &quot;autoclose&quot;: false, &quot;accordionItems&quot;: [] }\" data-wp-interactive=\"core\/accordion\" role=\"group\" class=\"wp-block-accordion is-layout-flow wp-block-accordion-is-layout-flow\">\n<div data-wp-class--is-open=\"state.isOpen\" data-wp-context=\"{ &quot;id&quot;: &quot;accordion-item-3&quot;, &quot;openByDefault&quot;: false }\" data-wp-init=\"callbacks.initAccordionItems\" data-wp-on-window--hashchange=\"callbacks.hashChange\" class=\"wp-block-accordion-item is-layout-flow wp-block-accordion-item-is-layout-flow\">\n<h3 class=\"wp-block-accordion-heading\"><button aria-expanded=\"false\" aria-controls=\"accordion-item-3-panel\" data-wp-bind--aria-expanded=\"state.isOpen\" data-wp-on--click=\"actions.toggle\" data-wp-on--keydown=\"actions.handleKeyDown\" id=\"accordion-item-3\" class=\"wp-block-accordion-heading__toggle\"><span class=\"wp-block-accordion-heading__toggle-title\">\u00bfQu\u00e9 oportunidades de voluntariado hay disponibles?<\/span><span class=\"wp-block-accordion-heading__toggle-icon\" aria-hidden=\"true\">+<\/span><\/button><\/h3>\n\n\n\n<div inert aria-labelledby=\"accordion-item-3\" data-wp-bind--inert=\"!state.isOpen\" id=\"accordion-item-3-panel\" role=\"region\" class=\"wp-block-accordion-panel is-layout-flow wp-block-accordion-panel-is-layout-flow\">\n<p>\u00a1Siempre damos la bienvenida a voluntarios apasionados! Las oportunidades incluyen entrenamiento, asistencia en eventos y ayuda administrativa. \u00a1Consulta nuestra p\u00e1gina de voluntariado para ver las vacantes actuales y ap\u00fantate para unirte a nuestro equipo!  <\/p>\n<\/div>\n<\/div>\n\n\n\n<div data-wp-class--is-open=\"state.isOpen\" data-wp-context=\"{ &quot;id&quot;: &quot;accordion-item-4&quot;, &quot;openByDefault&quot;: false }\" data-wp-init=\"callbacks.initAccordionItems\" data-wp-on-window--hashchange=\"callbacks.hashChange\" class=\"wp-block-accordion-item is-layout-flow wp-block-accordion-item-is-layout-flow\">\n<h3 class=\"wp-block-accordion-heading\"><button aria-expanded=\"false\" aria-controls=\"accordion-item-4-panel\" data-wp-bind--aria-expanded=\"state.isOpen\" data-wp-on--click=\"actions.toggle\" data-wp-on--keydown=\"actions.handleKeyDown\" id=\"accordion-item-4\" class=\"wp-block-accordion-heading__toggle\"><span class=\"wp-block-accordion-heading__toggle-title\">\u00bfC\u00f3mo puedo mantenerme al d\u00eda?<\/span><span class=\"wp-block-accordion-heading__toggle-icon\" aria-hidden=\"true\">+<\/span><\/button><\/h3>\n\n\n\n<div inert aria-labelledby=\"accordion-item-4\" data-wp-bind--inert=\"!state.isOpen\" id=\"accordion-item-4-panel\" role=\"region\" class=\"wp-block-accordion-panel is-layout-flow wp-block-accordion-panel-is-layout-flow\">\n<p>Para estar al tanto de nuestros eventos, \u00a1suscr\u00edbete a nuestro bolet\u00edn! Recibir\u00e1s actualizaciones sobre los pr\u00f3ximos campamentos, talleres y salidas comunitarias directamente en tu bandeja de entrada. <\/p>\n<\/div>\n<\/div>\n<\/div>\n\n<div data-wp-context=\"{ &quot;autoclose&quot;: false, &quot;accordionItems&quot;: [] }\" data-wp-interactive=\"core\/accordion\" role=\"group\" class=\"wp-block-accordion is-layout-flow wp-block-accordion-is-layout-flow\">\n<div data-wp-class--is-open=\"state.isOpen\" data-wp-context=\"{ &quot;id&quot;: &quot;accordion-item-5&quot;, &quot;openByDefault&quot;: false }\" data-wp-init=\"callbacks.initAccordionItems\" data-wp-on-window--hashchange=\"callbacks.hashChange\" class=\"wp-block-accordion-item is-layout-flow wp-block-accordion-item-is-layout-flow\">\n<h3 class=\"wp-block-accordion-heading\"><button aria-expanded=\"false\" aria-controls=\"accordion-item-5-panel\" data-wp-bind--aria-expanded=\"state.isOpen\" data-wp-on--click=\"actions.toggle\" data-wp-on--keydown=\"actions.handleKeyDown\" id=\"accordion-item-5\" class=\"wp-block-accordion-heading__toggle\"><span class=\"wp-block-accordion-heading__toggle-title\">\u00bfY si tengo m\u00e1s preguntas?<\/span><span class=\"wp-block-accordion-heading__toggle-icon\" aria-hidden=\"true\">+<\/span><\/button><\/h3>\n\n\n\n<div inert aria-labelledby=\"accordion-item-5\" data-wp-bind--inert=\"!state.isOpen\" id=\"accordion-item-5-panel\" role=\"region\" class=\"wp-block-accordion-panel is-layout-flow wp-block-accordion-panel-is-layout-flow\">\n<p>Si tienes cualquier otra duda, \u00a1no dudes en contactarnos! Escr\u00edbenos a trav\u00e9s de nuestro sitio web y te responderemos lo antes posible. <\/p>\n<\/div>\n<\/div>\n<\/div>\n\n<h4 class=\"wp-block-heading\">\u00a1\u00danete hoy mismo a nuestra comunidad ciclista!<\/h4>\n\n<p><\/p>\n","protected":false},"excerpt":{"rendered":"<p>Empodera a nuestra juventud a trav\u00e9s del ciclismo \u00danete a nosotros para crear experiencias de ciclismo inolvidables. Formas de apoyar nuestra misi\u00f3n \u00a1Tu apoyo puede&hellip;<\/p>\n","protected":false},"author":1,"featured_media":-3,"parent":0,"menu_order":0,"comment_status":"closed","ping_status":"closed","template":"","meta":{"give_campaign_id":0,"rs_blank_template":"","rs_page_bg_color":"","slide_template_v7":"","footnotes":""},"class_list":["post-70774","page","type-page","status-publish","has-post-thumbnail","hentry"],"campaignId":"","_links":{"self":[{"href":"https:\/\/grandvalleymtb.org\/es\/wp-json\/wp\/v2\/pages\/70774","targetHints":{"allow":["GET"]}}],"collection":[{"href":"https:\/\/grandvalleymtb.org\/es\/wp-json\/wp\/v2\/pages"}],"about":[{"href":"https:\/\/grandvalleymtb.org\/es\/wp-json\/wp\/v2\/types\/page"}],"author":[{"embeddable":true,"href":"https:\/\/grandvalleymtb.org\/es\/wp-json\/wp\/v2\/users\/1"}],"replies":[{"embeddable":true,"href":"https:\/\/grandvalleymtb.org\/es\/wp-json\/wp\/v2\/comments?post=70774"}],"version-history":[{"count":0,"href":"https:\/\/grandvalleymtb.org\/es\/wp-json\/wp\/v2\/pages\/70774\/revisions"}],"wp:featuredmedia":[{"embeddable":true,"href":"https:\/\/grandvalleymtb.org\/es\/wp-json\/"}],"wp:attachment":[{"href":"https:\/\/grandvalleymtb.org\/es\/wp-json\/wp\/v2\/media?parent=70774"}],"curies":[{"name":"wp","href":"https:\/\/api.w.org\/{rel}","templated":true}]}}