{"id":70775,"date":"2025-12-31T11:40:17","date_gmt":"2025-12-31T18:40:17","guid":{"rendered":"https:\/\/grandvalleymtb.org\/becas\/"},"modified":"2026-02-20T09:54:17","modified_gmt":"2026-02-20T16:54:17","slug":"becas","status":"publish","type":"page","link":"https:\/\/grandvalleymtb.org\/es\/programas-de-ciclismo\/becas\/","title":{"rendered":"Becas"},"content":{"rendered":"\n<div class=\"wp-block-cover alignfull has-custom-content-position is-position-bottom-center is-style-default\" style=\"margin-top:0;margin-bottom:0;padding-top:0;padding-right:0;padding-bottom:0;padding-left:0;min-height:305px;aspect-ratio:unset;\"><img decoding=\"async\" width=\"1078\" height=\"718\" class=\"wp-block-cover__image-background wp-image-58589 size-full lazyload\" alt=\"\" data-src=\"https:\/\/grandvalleymtb.org\/wp-content\/uploads\/2026\/01\/6672280504957855675.jpg\" data-object-fit=\"cover\" data-srcset=\"https:\/\/grandvalleymtb.org\/wp-content\/uploads\/2026\/01\/6672280504957855675.jpg 1078w, https:\/\/grandvalleymtb.org\/wp-content\/uploads\/2026\/01\/6672280504957855675-300x200.jpg 300w, https:\/\/grandvalleymtb.org\/wp-content\/uploads\/2026\/01\/6672280504957855675-1024x682.jpg 1024w, https:\/\/grandvalleymtb.org\/wp-content\/uploads\/2026\/01\/6672280504957855675-768x512.jpg 768w, https:\/\/grandvalleymtb.org\/wp-content\/uploads\/2026\/01\/6672280504957855675-624x416.jpg 624w\" data-sizes=\"auto\" src=\"data:image\/svg+xml;base64,PHN2ZyB3aWR0aD0iMSIgaGVpZ2h0PSIxIiB4bWxucz0iaHR0cDovL3d3dy53My5vcmcvMjAwMC9zdmciPjwvc3ZnPg==\" style=\"--smush-placeholder-width: 1078px; --smush-placeholder-aspect-ratio: 1078\/718;\" data-original-sizes=\"(max-width: 1078px) 100vw, 1078px\" \/><span aria-hidden=\"true\" class=\"wp-block-cover__background has-background-dim\"><\/span><div class=\"wp-block-cover__inner-container is-layout-flow wp-block-cover-is-layout-flow\">\n<div class=\"wp-block-group alignwide is-content-justification-center\" style=\"padding-top:var(--wp--preset--spacing--40);padding-right:var(--wp--preset--spacing--40);padding-bottom:var(--wp--preset--spacing--40);padding-left:var(--wp--preset--spacing--40)\"><div class=\"wp-block-group__inner-container is-layout-constrained wp-container-core-group-is-layout-5a59cff5 wp-block-group-is-layout-constrained\">\n<div class=\"wp-block-group alignwide is-content-justification-left\"><div class=\"wp-block-group__inner-container is-layout-constrained wp-container-core-group-is-layout-4bf29ec1 wp-block-group-is-layout-constrained\">\n<h2 class=\"wp-block-heading has-x-large-font-size\">Juntos somos mejores<\/h2>\n\n\n\n<p class=\"has-medium-font-size\">Las barreras econ\u00f3micas o la falta de equipamiento no deber\u00edan ser un obst\u00e1culo para participar en nuestros programas. Hay becas disponibles para cualquier participante que necesite apoyo para unirse a GVYC. Por favor, rellena el formulario de abajo antes de inscribirte. Un miembro de nuestro comit\u00e9 de becas se pondr\u00e1 en contacto contigo con informaci\u00f3n sobre la inscripci\u00f3n.   <\/p>\n\n\n\n<div class=\"wp-block-buttons is-layout-flex wp-block-buttons-is-layout-flex\">\n<div class=\"wp-block-button is-style-outline ai-ignore ai-show-if-sell_services is-style-outline--1\"><a class=\"wp-block-button__link wp-element-button\" href=\"https:\/\/forms.gle\/HGxpyPSGuQYyXqq97\" target=\"_blank\" rel=\"noreferrer noopener nofollow\">Solicitud de beca de GVYC<\/a><\/div>\n<\/div>\n<\/div><\/div>\n<\/div><\/div>\n<\/div><\/div>\n\n<ul class=\"wp-block-list\">\n<li>Las solicitudes de beca deben recibirse como muy tarde en la fecha l\u00edmite de inscripci\u00f3n del programa.<\/li>\n<\/ul>\n\n<h2 class=\"wp-block-heading\">Liga de Colorado<\/h2>\n\n<p>Los corredores de instituto de la Liga de CO pueden solicitar una beca a la Liga de CO para recibir ayuda con las cuotas de la Liga de CO.<\/p>\n\n<div class=\"wp-block-buttons is-content-justification-right is-layout-flex wp-container-core-buttons-is-layout-765c4724 wp-block-buttons-is-layout-flex\">\n<div class=\"wp-block-button\"><a class=\"wp-block-button__link wp-element-button\" href=\"https:\/\/coloradomtb.org\/scholarships\/\">Informaci\u00f3n sobre becas de la Liga de CO<\/a><\/div>\n<\/div>\n\n<h2 class=\"wp-block-heading\">Ayuda a apoyar a la comunidad ciclista<\/h2>\n\n<p>Somos conscientes de que, a veces, el coste de participar en deportes puede acumularse mucho. GVYC se esfuerza por reducir el coste para todos los participantes mediante una s\u00f3lida recaudaci\u00f3n de fondos. Tu participaci\u00f3n en los eventos de recaudaci\u00f3n de fondos del equipo ayuda a todo el mundo. Sin embargo, incluso con esos esfuerzos, las finanzas y las situaciones personales pueden seguir siendo una barrera. GVYC gestiona un Fondo de Becas para ayudar a los ciclistas a participar de diversas maneras. Tus donaciones directas al Fondo de Becas son una forma incre\u00edble de apoyar a tu comunidad.     <\/p>\n\n<div class=\"wp-block-buttons is-layout-flex wp-block-buttons-is-layout-flex\">\n<div class=\"wp-block-button\"><a class=\"wp-block-button__link wp-element-button\" href=\"https:\/\/grandvalleymtb.org\/es\/donar\/\">Donar<\/a><\/div>\n<\/div>\n\n<p><\/p>\n","protected":false},"excerpt":{"rendered":"<p>Liga de Colorado Los corredores de instituto de la Liga de CO pueden solicitar una beca a la Liga de CO para recibir ayuda con&hellip;<\/p>\n","protected":false},"author":1,"featured_media":0,"parent":70810,"menu_order":0,"comment_status":"closed","ping_status":"closed","template":"","meta":{"give_campaign_id":0,"footnotes":""},"class_list":["post-70775","page","type-page","status-publish","hentry"],"campaignId":"","_links":{"self":[{"href":"https:\/\/grandvalleymtb.org\/es\/wp-json\/wp\/v2\/pages\/70775","targetHints":{"allow":["GET"]}}],"collection":[{"href":"https:\/\/grandvalleymtb.org\/es\/wp-json\/wp\/v2\/pages"}],"about":[{"href":"https:\/\/grandvalleymtb.org\/es\/wp-json\/wp\/v2\/types\/page"}],"author":[{"embeddable":true,"href":"https:\/\/grandvalleymtb.org\/es\/wp-json\/wp\/v2\/users\/1"}],"replies":[{"embeddable":true,"href":"https:\/\/grandvalleymtb.org\/es\/wp-json\/wp\/v2\/comments?post=70775"}],"version-history":[{"count":0,"href":"https:\/\/grandvalleymtb.org\/es\/wp-json\/wp\/v2\/pages\/70775\/revisions"}],"up":[{"embeddable":true,"href":"https:\/\/grandvalleymtb.org\/es\/wp-json\/wp\/v2\/pages\/70810"}],"wp:attachment":[{"href":"https:\/\/grandvalleymtb.org\/es\/wp-json\/wp\/v2\/media?parent=70775"}],"curies":[{"name":"wp","href":"https:\/\/api.w.org\/{rel}","templated":true}]}}