{"id":70788,"date":"2025-11-11T17:58:38","date_gmt":"2025-11-12T00:58:38","guid":{"rendered":"https:\/\/grandvalleymtb.org\/voluntario\/"},"modified":"2026-02-20T09:52:46","modified_gmt":"2026-02-20T16:52:46","slug":"voluntario","status":"publish","type":"page","link":"https:\/\/grandvalleymtb.org\/es\/voluntario\/","title":{"rendered":"Voluntario"},"content":{"rendered":"\n<h2 class=\"wp-block-heading\">Marca la diferencia hoy<\/h2>\n\n<p>Invol\u00facrate en nuestros programas de ciclismo comunitario y descubre c\u00f3mo puedes ayudar. Ser voluntario con nosotros es una oportunidad para inspirar a los j\u00f3venes, crear recuerdos duraderos y disfrutar del aire libre. \u00a1\u00danete a nosotros para generar un impacto positivo!<\/p>\n\n<h2 class=\"wp-block-heading\">\u00a1\u00danete a la ruta!<\/h2>\n\n<hr class=\"wp-block-separator has-alpha-channel-opacity\"\/>\n<p>[pta_sign_up_sheet]<\/p>\n\n<p><\/p>\n","protected":false},"excerpt":{"rendered":"<p>Marca la diferencia hoy Invol\u00facrate en nuestros programas de ciclismo comunitario y descubre c\u00f3mo puedes ayudar. Ser voluntario con nosotros es una oportunidad para inspirar&hellip;<\/p>\n","protected":false},"author":1,"featured_media":0,"parent":0,"menu_order":0,"comment_status":"closed","ping_status":"closed","template":"","meta":{"give_campaign_id":0,"footnotes":""},"class_list":["post-70788","page","type-page","status-publish","hentry"],"campaignId":"","_links":{"self":[{"href":"https:\/\/grandvalleymtb.org\/es\/wp-json\/wp\/v2\/pages\/70788","targetHints":{"allow":["GET"]}}],"collection":[{"href":"https:\/\/grandvalleymtb.org\/es\/wp-json\/wp\/v2\/pages"}],"about":[{"href":"https:\/\/grandvalleymtb.org\/es\/wp-json\/wp\/v2\/types\/page"}],"author":[{"embeddable":true,"href":"https:\/\/grandvalleymtb.org\/es\/wp-json\/wp\/v2\/users\/1"}],"replies":[{"embeddable":true,"href":"https:\/\/grandvalleymtb.org\/es\/wp-json\/wp\/v2\/comments?post=70788"}],"version-history":[{"count":0,"href":"https:\/\/grandvalleymtb.org\/es\/wp-json\/wp\/v2\/pages\/70788\/revisions"}],"wp:attachment":[{"href":"https:\/\/grandvalleymtb.org\/es\/wp-json\/wp\/v2\/media?parent=70788"}],"curies":[{"name":"wp","href":"https:\/\/api.w.org\/{rel}","templated":true}]}}